{"id":7809,"date":"2021-04-01T15:22:46","date_gmt":"2021-04-01T13:22:46","guid":{"rendered":"https:\/\/bannerid.ee\/yhteystietoja\/"},"modified":"2025-08-14T13:41:08","modified_gmt":"2025-08-14T11:41:08","slug":"yhteystietoja","status":"publish","type":"page","link":"https:\/\/bannerid.ee\/fi\/yhteystietoja\/","title":{"rendered":"Yhteystietoja"},"content":{"rendered":"\t\t<div data-elementor-type=\"wp-post\" data-elementor-id=\"7809\" class=\"elementor elementor-7809 elementor-1132\">\n\t\t\t\t\t\t<section class=\"elementor-section elementor-top-section elementor-element elementor-element-088a9e8 elementor-section-stretched elementor-section-boxed elementor-section-height-default elementor-section-height-default\" data-id=\"088a9e8\" data-element_type=\"section\" data-e-type=\"section\" data-settings=\"{&quot;stretch_section&quot;:&quot;section-stretched&quot;}\">\n\t\t\t\t\t\t<div class=\"elementor-container elementor-column-gap-default\">\n\t\t\t\t\t<div class=\"elementor-column elementor-col-100 elementor-top-column elementor-element elementor-element-1d4dc97\" data-id=\"1d4dc97\" data-element_type=\"column\" data-e-type=\"column\">\n\t\t\t<div class=\"elementor-widget-wrap elementor-element-populated\">\n\t\t\t\t\t\t<div class=\"elementor-element elementor-element-323f1e5 elementor-widget elementor-widget-google_maps\" data-id=\"323f1e5\" data-element_type=\"widget\" data-e-type=\"widget\" data-widget_type=\"google_maps.default\">\n\t\t\t\t<div class=\"elementor-widget-container\">\n\t\t\t\t\t\t\t<div class=\"elementor-custom-embed\">\n\t\t\t<iframe loading=\"lazy\"\n\t\t\t\t\tsrc=\"https:\/\/maps.google.com\/maps?q=KP%20Factory%20O%C3%9C&t=m&z=13&output=embed&iwloc=near\"\n\t\t\t\t\ttitle=\"KP Factory O\u00dc\"\n\t\t\t\t\taria-label=\"KP Factory O\u00dc\"\n\t\t\t><\/iframe>\n\t\t<\/div>\n\t\t\t\t\t\t<\/div>\n\t\t\t\t<\/div>\n\t\t\t\t<div class=\"elementor-element elementor-element-5ca2c7b elementor-widget elementor-widget-spacer\" data-id=\"5ca2c7b\" data-element_type=\"widget\" data-e-type=\"widget\" data-widget_type=\"spacer.default\">\n\t\t\t\t<div class=\"elementor-widget-container\">\n\t\t\t\t\t\t\t<div class=\"elementor-spacer\">\n\t\t\t<div class=\"elementor-spacer-inner\"><\/div>\n\t\t<\/div>\n\t\t\t\t\t\t<\/div>\n\t\t\t\t<\/div>\n\t\t\t\t\t<\/div>\n\t\t<\/div>\n\t\t\t\t\t<\/div>\n\t\t<\/section>\n\t\t\t\t<section class=\"elementor-section elementor-top-section elementor-element elementor-element-545bcfc elementor-section-boxed elementor-section-height-default elementor-section-height-default\" data-id=\"545bcfc\" data-element_type=\"section\" data-e-type=\"section\">\n\t\t\t\t\t\t<div class=\"elementor-container elementor-column-gap-default\">\n\t\t\t\t\t<div class=\"elementor-column elementor-col-50 elementor-top-column elementor-element elementor-element-cdf0e91\" data-id=\"cdf0e91\" data-element_type=\"column\" data-e-type=\"column\">\n\t\t\t<div class=\"elementor-widget-wrap elementor-element-populated\">\n\t\t\t\t\t\t<div class=\"elementor-element elementor-element-8bd7808 elementor-widget elementor-widget-image\" data-id=\"8bd7808\" data-element_type=\"widget\" data-e-type=\"widget\" data-widget_type=\"image.default\">\n\t\t\t\t<div class=\"elementor-widget-container\">\n\t\t\t\t\t\t\t\t\t\t\t\t\t\t\t<img fetchpriority=\"high\" decoding=\"async\" width=\"798\" height=\"238\" src=\"https:\/\/bannerid.ee\/wp-content\/uploads\/2020\/05\/image.png\" class=\"attachment-large size-large wp-image-7636\" alt=\"\" srcset=\"https:\/\/bannerid.ee\/wp-content\/uploads\/2020\/05\/image.png 798w, https:\/\/bannerid.ee\/wp-content\/uploads\/2020\/05\/image-300x89.png 300w, https:\/\/bannerid.ee\/wp-content\/uploads\/2020\/05\/image-768x229.png 768w, https:\/\/bannerid.ee\/wp-content\/uploads\/2020\/05\/image-150x45.png 150w\" sizes=\"(max-width: 798px) 100vw, 798px\" \/>\t\t\t\t\t\t\t\t\t\t\t\t\t\t\t<\/div>\n\t\t\t\t<\/div>\n\t\t\t\t<div class=\"elementor-element elementor-element-9439a91 elementor-widget elementor-widget-text-editor\" data-id=\"9439a91\" data-element_type=\"widget\" data-e-type=\"widget\" data-widget_type=\"text-editor.default\">\n\t\t\t\t<div class=\"elementor-widget-container\">\n\t\t\t\t\t\t\t\t\t<p style=\"text-align: center;\"><b>KP Factory O\u00dc<\/b><\/p><p style=\"text-align: center;\">T\u00f6\u00f6stuse 19a,<br \/>Kohila, 79806<br \/>Estonia<\/p><p style=\"text-align: center;\">tel. +3726863153<\/p><p style=\"text-align: center;\"><a href=\"mailto:bannerid@prindi.me\">bannerid@prindi.me<\/a><\/p><p style=\"text-align: center;\"><a href=\"http:\/\/prindi.me\">prindi.me<\/a><\/p>\t\t\t\t\t\t\t\t<\/div>\n\t\t\t\t<\/div>\n\t\t\t\t<div class=\"elementor-element elementor-element-49d3531 elementor-widget elementor-widget-spacer\" data-id=\"49d3531\" data-element_type=\"widget\" data-e-type=\"widget\" data-widget_type=\"spacer.default\">\n\t\t\t\t<div class=\"elementor-widget-container\">\n\t\t\t\t\t\t\t<div class=\"elementor-spacer\">\n\t\t\t<div class=\"elementor-spacer-inner\"><\/div>\n\t\t<\/div>\n\t\t\t\t\t\t<\/div>\n\t\t\t\t<\/div>\n\t\t\t\t\t<\/div>\n\t\t<\/div>\n\t\t\t\t<div class=\"elementor-column elementor-col-50 elementor-top-column elementor-element elementor-element-0458b73\" data-id=\"0458b73\" data-element_type=\"column\" data-e-type=\"column\">\n\t\t\t<div class=\"elementor-widget-wrap elementor-element-populated\">\n\t\t\t\t\t\t<div class=\"elementor-element elementor-element-67bc859 elementor-widget elementor-widget-heading\" data-id=\"67bc859\" data-element_type=\"widget\" data-e-type=\"widget\" data-widget_type=\"heading.default\">\n\t\t\t\t<div class=\"elementor-widget-container\">\n\t\t\t\t\t<h2 class=\"elementor-heading-title elementor-size-default\"><br>Palaute<\/h2>\t\t\t\t<\/div>\n\t\t\t\t<\/div>\n\t\t\t\t\t<\/div>\n\t\t<\/div>\n\t\t\t\t\t<\/div>\n\t\t<\/section>\n\t\t\t\t<\/div>\n\t\t","protected":false},"excerpt":{"rendered":"<p>KP Factory O\u00dc T\u00f6\u00f6stuse 19a,Kohila, 79806Estonia tel. +3726863153 bannerid@prindi.me prindi.me Palaute<\/p>\n","protected":false},"author":1,"featured_media":0,"parent":0,"menu_order":0,"comment_status":"closed","ping_status":"closed","template":"template-fullwidth-no-heading.php","meta":{"footnotes":""},"class_list":["post-7809","page","type-page","status-publish","hentry"],"_links":{"self":[{"href":"https:\/\/bannerid.ee\/fi\/wp-json\/wp\/v2\/pages\/7809","targetHints":{"allow":["GET"]}}],"collection":[{"href":"https:\/\/bannerid.ee\/fi\/wp-json\/wp\/v2\/pages"}],"about":[{"href":"https:\/\/bannerid.ee\/fi\/wp-json\/wp\/v2\/types\/page"}],"author":[{"embeddable":true,"href":"https:\/\/bannerid.ee\/fi\/wp-json\/wp\/v2\/users\/1"}],"replies":[{"embeddable":true,"href":"https:\/\/bannerid.ee\/fi\/wp-json\/wp\/v2\/comments?post=7809"}],"version-history":[{"count":19,"href":"https:\/\/bannerid.ee\/fi\/wp-json\/wp\/v2\/pages\/7809\/revisions"}],"predecessor-version":[{"id":25119,"href":"https:\/\/bannerid.ee\/fi\/wp-json\/wp\/v2\/pages\/7809\/revisions\/25119"}],"wp:attachment":[{"href":"https:\/\/bannerid.ee\/fi\/wp-json\/wp\/v2\/media?parent=7809"}],"curies":[{"name":"wp","href":"https:\/\/api.w.org\/{rel}","templated":true}]}}