{"id":7739,"date":"2020-05-14T11:36:45","date_gmt":"2020-05-14T09:36:45","guid":{"rendered":"https:\/\/bannerid.ee\/product\/pvc-umpivinyyli\/"},"modified":"2026-02-22T17:43:48","modified_gmt":"2026-02-22T15:43:48","slug":"pvc-umpivinyyli","status":"publish","type":"product","link":"https:\/\/bannerid.ee\/fi\/tuote\/pvc-umpivinyyli\/","title":{"rendered":"PVC umpivinyyli"},"content":{"rendered":"","protected":false},"excerpt":{"rendered":"<p>PVC-umpivinyyli in s\u00e4\u00e4nkest\u00e4v\u00e4 ja edullinen<\/p>\n","protected":false},"featured_media":7680,"template":"","meta":[],"product_brand":[],"product_cat":[76],"product_tag":[],"class_list":{"0":"post-7739","1":"product","2":"type-product","3":"status-publish","4":"has-post-thumbnail","6":"product_cat-banderollit","7":"tm-has-options","9":"first","10":"instock","11":"shipping-taxable","12":"purchasable","13":"product-type-simple"},"_links":{"self":[{"href":"https:\/\/bannerid.ee\/fi\/wp-json\/wp\/v2\/product\/7739","targetHints":{"allow":["GET"]}}],"collection":[{"href":"https:\/\/bannerid.ee\/fi\/wp-json\/wp\/v2\/product"}],"about":[{"href":"https:\/\/bannerid.ee\/fi\/wp-json\/wp\/v2\/types\/product"}],"wp:featuredmedia":[{"embeddable":true,"href":"https:\/\/bannerid.ee\/fi\/wp-json\/wp\/v2\/media\/7680"}],"wp:attachment":[{"href":"https:\/\/bannerid.ee\/fi\/wp-json\/wp\/v2\/media?parent=7739"}],"wp:term":[{"taxonomy":"product_brand","embeddable":true,"href":"https:\/\/bannerid.ee\/fi\/wp-json\/wp\/v2\/product_brand?post=7739"},{"taxonomy":"product_cat","embeddable":true,"href":"https:\/\/bannerid.ee\/fi\/wp-json\/wp\/v2\/product_cat?post=7739"},{"taxonomy":"product_tag","embeddable":true,"href":"https:\/\/bannerid.ee\/fi\/wp-json\/wp\/v2\/product_tag?post=7739"}],"curies":[{"name":"wp","href":"https:\/\/api.w.org\/{rel}","templated":true}]}}