{"id":7757,"date":"2020-06-04T09:01:39","date_gmt":"2020-06-04T07:01:39","guid":{"rendered":"https:\/\/bannerid.ee\/product\/rantaliput-surffiliput\/"},"modified":"2021-04-01T10:03:53","modified_gmt":"2021-04-01T08:03:53","slug":"rantaliput-surffiliput","status":"publish","type":"product","link":"https:\/\/bannerid.ee\/fi\/tuote\/rantaliput-surffiliput\/","title":{"rendered":"Rantaliput\/surffiliput"},"content":{"rendered":"","protected":false},"excerpt":{"rendered":"<p>Rantalippu on tehokas mainosv\u00e4line s\u00e4\u00e4st\u00e4 riippumatta. Ne her\u00e4tt\u00e4v\u00e4t tapahtumissa huomiota jo kaukaa.<\/p>\n","protected":false},"featured_media":7688,"template":"","meta":[],"product_brand":[],"product_cat":[76,78],"product_tag":[],"class_list":{"0":"post-7757","1":"product","2":"type-product","3":"status-publish","4":"has-post-thumbnail","6":"product_cat-banderollit","7":"product_cat-mainosvalineet","8":"tm-has-options","10":"first","11":"instock","12":"shipping-taxable","13":"purchasable","14":"product-type-simple"},"_links":{"self":[{"href":"https:\/\/bannerid.ee\/fi\/wp-json\/wp\/v2\/product\/7757","targetHints":{"allow":["GET"]}}],"collection":[{"href":"https:\/\/bannerid.ee\/fi\/wp-json\/wp\/v2\/product"}],"about":[{"href":"https:\/\/bannerid.ee\/fi\/wp-json\/wp\/v2\/types\/product"}],"wp:featuredmedia":[{"embeddable":true,"href":"https:\/\/bannerid.ee\/fi\/wp-json\/wp\/v2\/media\/7688"}],"wp:attachment":[{"href":"https:\/\/bannerid.ee\/fi\/wp-json\/wp\/v2\/media?parent=7757"}],"wp:term":[{"taxonomy":"product_brand","embeddable":true,"href":"https:\/\/bannerid.ee\/fi\/wp-json\/wp\/v2\/product_brand?post=7757"},{"taxonomy":"product_cat","embeddable":true,"href":"https:\/\/bannerid.ee\/fi\/wp-json\/wp\/v2\/product_cat?post=7757"},{"taxonomy":"product_tag","embeddable":true,"href":"https:\/\/bannerid.ee\/fi\/wp-json\/wp\/v2\/product_tag?post=7757"}],"curies":[{"name":"wp","href":"https:\/\/api.w.org\/{rel}","templated":true}]}}