{"id":7764,"date":"2020-05-14T11:55:56","date_gmt":"2020-05-14T09:55:56","guid":{"rendered":"https:\/\/bannerid.ee\/product\/kaksipuolinen-banderolli\/"},"modified":"2020-05-14T11:55:56","modified_gmt":"2020-05-14T09:55:56","slug":"kaksipuolinen-banderolli","status":"publish","type":"product","link":"https:\/\/bannerid.ee\/fi\/tuote\/kaksipuolinen-banderolli\/","title":{"rendered":"Kaksipuolinen banderolli"},"content":{"rendered":"","protected":false},"excerpt":{"rendered":"<p>Sopii kaksipuolisten banderollien valmistukseen. Kahden valkoisen PVC-kerroksen v\u00e4liss\u00e4 on musta erotin, joka ehk\u00e4isee banderollin l\u00e4pin\u00e4kyvyytt\u00e4. Kyseisest\u00e4 materiaalista valmistetut banderollit ovat my\u00f6skest\u00e4v\u00e4mpi\u00e4.<\/p>\n","protected":false},"featured_media":7682,"template":"","meta":[],"product_brand":[],"product_cat":[76],"product_tag":[],"class_list":{"0":"post-7764","1":"product","2":"type-product","3":"status-publish","4":"has-post-thumbnail","6":"product_cat-banderollit","7":"tm-no-options","9":"first","10":"instock","11":"shipping-taxable","12":"purchasable","13":"product-type-simple"},"_links":{"self":[{"href":"https:\/\/bannerid.ee\/fi\/wp-json\/wp\/v2\/product\/7764","targetHints":{"allow":["GET"]}}],"collection":[{"href":"https:\/\/bannerid.ee\/fi\/wp-json\/wp\/v2\/product"}],"about":[{"href":"https:\/\/bannerid.ee\/fi\/wp-json\/wp\/v2\/types\/product"}],"wp:featuredmedia":[{"embeddable":true,"href":"https:\/\/bannerid.ee\/fi\/wp-json\/wp\/v2\/media\/7682"}],"wp:attachment":[{"href":"https:\/\/bannerid.ee\/fi\/wp-json\/wp\/v2\/media?parent=7764"}],"wp:term":[{"taxonomy":"product_brand","embeddable":true,"href":"https:\/\/bannerid.ee\/fi\/wp-json\/wp\/v2\/product_brand?post=7764"},{"taxonomy":"product_cat","embeddable":true,"href":"https:\/\/bannerid.ee\/fi\/wp-json\/wp\/v2\/product_cat?post=7764"},{"taxonomy":"product_tag","embeddable":true,"href":"https:\/\/bannerid.ee\/fi\/wp-json\/wp\/v2\/product_tag?post=7764"}],"curies":[{"name":"wp","href":"https:\/\/api.w.org\/{rel}","templated":true}]}}