{"id":7768,"date":"2020-05-14T10:08:46","date_gmt":"2020-05-14T08:08:46","guid":{"rendered":"https:\/\/bannerid.ee\/product\/ulkostandi-a1-painosailiolla\/"},"modified":"2021-03-30T16:25:13","modified_gmt":"2021-03-30T14:25:13","slug":"ulkostandi-a1-painosailiolla","status":"publish","type":"product","link":"https:\/\/bannerid.ee\/fi\/tuote\/ulkostandi-a1-painosailiolla\/","title":{"rendered":"Ulkost\u00e4ndi A1 painos\u00e4ili\u00f6ll\u00e4"},"content":{"rendered":"","protected":false},"excerpt":{"rendered":"<p>&#8211; Painos\u00e4ili\u00f6ll\u00e4 varustettu ulkost\u00e4ndi, jossa on jousijalat.<br \/>\n&#8211; Kaksipuolinen st\u00e4ndi ulkomainostukseen. Kehyksen ja painos\u00e4ili\u00f6nv\u00e4liss\u00e4 oleva vahva jousij\u00e4rjestelm\u00e4 tekee st\u00e4ndist\u00e4 kest\u00e4v\u00e4n my\u00f6s tuulisella ilmalla. Painos\u00e4ili\u00f6 takaa st\u00e4ndin paikoillaan pysymisen my\u00f6s kovalla tuulella. Painos\u00e4ili\u00f6 voidaan t\u00e4ytt\u00e4\u00e4 hiekalla tai vedell\u00e4.<br \/>\n&#8211; Juliste on helppo vaihtaa kehyksen napsausprofiililukituksen avulla.<\/p>\n","protected":false},"featured_media":7673,"template":"","meta":[],"product_brand":[],"product_cat":[78],"product_tag":[],"class_list":{"0":"post-7768","1":"product","2":"type-product","3":"status-publish","4":"has-post-thumbnail","6":"product_cat-mainosvalineet","7":"tm-no-options","9":"first","10":"instock","11":"shipping-taxable","12":"purchasable","13":"product-type-simple"},"_links":{"self":[{"href":"https:\/\/bannerid.ee\/fi\/wp-json\/wp\/v2\/product\/7768","targetHints":{"allow":["GET"]}}],"collection":[{"href":"https:\/\/bannerid.ee\/fi\/wp-json\/wp\/v2\/product"}],"about":[{"href":"https:\/\/bannerid.ee\/fi\/wp-json\/wp\/v2\/types\/product"}],"wp:featuredmedia":[{"embeddable":true,"href":"https:\/\/bannerid.ee\/fi\/wp-json\/wp\/v2\/media\/7673"}],"wp:attachment":[{"href":"https:\/\/bannerid.ee\/fi\/wp-json\/wp\/v2\/media?parent=7768"}],"wp:term":[{"taxonomy":"product_brand","embeddable":true,"href":"https:\/\/bannerid.ee\/fi\/wp-json\/wp\/v2\/product_brand?post=7768"},{"taxonomy":"product_cat","embeddable":true,"href":"https:\/\/bannerid.ee\/fi\/wp-json\/wp\/v2\/product_cat?post=7768"},{"taxonomy":"product_tag","embeddable":true,"href":"https:\/\/bannerid.ee\/fi\/wp-json\/wp\/v2\/product_tag?post=7768"}],"curies":[{"name":"wp","href":"https:\/\/api.w.org\/{rel}","templated":true}]}}