{"id":7770,"date":"2020-05-18T11:26:36","date_gmt":"2020-05-18T09:26:36","guid":{"rendered":"https:\/\/bannerid.ee\/product\/valokuvaseina-saadettava\/"},"modified":"2020-05-18T11:26:36","modified_gmt":"2020-05-18T09:26:36","slug":"valokuvaseina-saadettava","status":"publish","type":"product","link":"https:\/\/bannerid.ee\/fi\/tuote\/valokuvaseina-saadettava\/","title":{"rendered":"Valokuvasein\u00e4 (s\u00e4\u00e4dett\u00e4v\u00e4)"},"content":{"rendered":"","protected":false},"excerpt":{"rendered":"<p>Valokuvasein\u00e4j\u00e4rjestelm\u00e4, joka on helppo kasata ja s\u00e4\u00e4t\u00e4\u00e4. St\u00e4ndi on kompakti, pakattu k\u00e4tev\u00e4\u00e4n kassiin ja sit\u00e4 on helppo kuljettaa.<\/p>\n<p>S\u00e4\u00e4dett\u00e4v\u00e4 korkeus: 1000\u20132400 mm<br \/>\nS\u00e4\u00e4dett\u00e4v\u00e4 leveys: 1750\u20133000 mm<\/p>\n","protected":false},"featured_media":7670,"template":"","meta":[],"product_brand":[],"product_cat":[78],"product_tag":[],"class_list":{"0":"post-7770","1":"product","2":"type-product","3":"status-publish","4":"has-post-thumbnail","6":"product_cat-mainosvalineet","7":"tm-no-options","9":"first","10":"instock","11":"shipping-taxable","12":"purchasable","13":"product-type-simple"},"_links":{"self":[{"href":"https:\/\/bannerid.ee\/fi\/wp-json\/wp\/v2\/product\/7770","targetHints":{"allow":["GET"]}}],"collection":[{"href":"https:\/\/bannerid.ee\/fi\/wp-json\/wp\/v2\/product"}],"about":[{"href":"https:\/\/bannerid.ee\/fi\/wp-json\/wp\/v2\/types\/product"}],"wp:featuredmedia":[{"embeddable":true,"href":"https:\/\/bannerid.ee\/fi\/wp-json\/wp\/v2\/media\/7670"}],"wp:attachment":[{"href":"https:\/\/bannerid.ee\/fi\/wp-json\/wp\/v2\/media?parent=7770"}],"wp:term":[{"taxonomy":"product_brand","embeddable":true,"href":"https:\/\/bannerid.ee\/fi\/wp-json\/wp\/v2\/product_brand?post=7770"},{"taxonomy":"product_cat","embeddable":true,"href":"https:\/\/bannerid.ee\/fi\/wp-json\/wp\/v2\/product_cat?post=7770"},{"taxonomy":"product_tag","embeddable":true,"href":"https:\/\/bannerid.ee\/fi\/wp-json\/wp\/v2\/product_tag?post=7770"}],"curies":[{"name":"wp","href":"https:\/\/api.w.org\/{rel}","templated":true}]}}