{"id":7771,"date":"2020-05-18T13:30:44","date_gmt":"2020-05-18T11:30:44","guid":{"rendered":"https:\/\/bannerid.ee\/product\/maistelupoyta-basic\/"},"modified":"2020-05-18T13:30:44","modified_gmt":"2020-05-18T11:30:44","slug":"maistelupoyta-basic","status":"publish","type":"product","link":"https:\/\/bannerid.ee\/fi\/tuote\/maistelupoyta-basic\/","title":{"rendered":"Maistelup\u00f6yt\u00e4 Basic"},"content":{"rendered":"","protected":false},"excerpt":{"rendered":"<p>Sis\u00e4tiloihin sopiva, lujasta PP-muovista valmistettu kevyt esittelyp\u00f6yt\u00e4.<\/p>\n<p>&#8211; Mainostarrat liimataan p\u00f6yd\u00e4n etupaneeliin, sivuille ja p\u00f6yd\u00e4n kohdalla olevaan paneeliin.<br \/>\n-Toimitukseen kuuluu esittelyp\u00f6yt\u00e4, pylv\u00e4ill\u00e4 varustettu mainostaulu ja kantokassi.<\/p>\n","protected":false},"featured_media":7669,"template":"","meta":[],"product_brand":[],"product_cat":[78],"product_tag":[],"class_list":{"0":"post-7771","1":"product","2":"type-product","3":"status-publish","4":"has-post-thumbnail","6":"product_cat-mainosvalineet","7":"tm-no-options","9":"first","10":"instock","11":"shipping-taxable","12":"purchasable","13":"product-type-simple"},"_links":{"self":[{"href":"https:\/\/bannerid.ee\/fi\/wp-json\/wp\/v2\/product\/7771","targetHints":{"allow":["GET"]}}],"collection":[{"href":"https:\/\/bannerid.ee\/fi\/wp-json\/wp\/v2\/product"}],"about":[{"href":"https:\/\/bannerid.ee\/fi\/wp-json\/wp\/v2\/types\/product"}],"wp:featuredmedia":[{"embeddable":true,"href":"https:\/\/bannerid.ee\/fi\/wp-json\/wp\/v2\/media\/7669"}],"wp:attachment":[{"href":"https:\/\/bannerid.ee\/fi\/wp-json\/wp\/v2\/media?parent=7771"}],"wp:term":[{"taxonomy":"product_brand","embeddable":true,"href":"https:\/\/bannerid.ee\/fi\/wp-json\/wp\/v2\/product_brand?post=7771"},{"taxonomy":"product_cat","embeddable":true,"href":"https:\/\/bannerid.ee\/fi\/wp-json\/wp\/v2\/product_cat?post=7771"},{"taxonomy":"product_tag","embeddable":true,"href":"https:\/\/bannerid.ee\/fi\/wp-json\/wp\/v2\/product_tag?post=7771"}],"curies":[{"name":"wp","href":"https:\/\/api.w.org\/{rel}","templated":true}]}}