{"id":7780,"date":"2020-06-04T13:36:24","date_gmt":"2021-04-01T08:07:41","guid":{"rendered":"https:\/\/bannerid.ee\/?post_type=product&#038;p=7780"},"modified":"2021-04-01T10:07:41","modified_gmt":"2021-04-01T08:07:41","slug":"pvc-verkkovinyyli-siirrettavaan-aitaan","status":"publish","type":"product","link":"https:\/\/bannerid.ee\/fi\/tuote\/pvc-verkkovinyyli-siirrettavaan-aitaan\/","title":{"rendered":"PVC-verkkovinyyli siirrett\u00e4v\u00e4\u00e4n aitaan"},"content":{"rendered":"","protected":false},"excerpt":{"rendered":"<p>Sopii t\u00e4ydellisesti rakennusty\u00f6maalle.<\/p>\n","protected":false},"featured_media":7703,"template":"","meta":[],"product_brand":[],"product_cat":[76],"product_tag":[],"class_list":{"0":"post-7780","1":"product","2":"type-product","3":"status-publish","4":"has-post-thumbnail","6":"product_cat-banderollit","7":"tm-has-options","9":"first","10":"instock","11":"shipping-taxable","12":"purchasable","13":"product-type-simple"},"_links":{"self":[{"href":"https:\/\/bannerid.ee\/fi\/wp-json\/wp\/v2\/product\/7780","targetHints":{"allow":["GET"]}}],"collection":[{"href":"https:\/\/bannerid.ee\/fi\/wp-json\/wp\/v2\/product"}],"about":[{"href":"https:\/\/bannerid.ee\/fi\/wp-json\/wp\/v2\/types\/product"}],"wp:featuredmedia":[{"embeddable":true,"href":"https:\/\/bannerid.ee\/fi\/wp-json\/wp\/v2\/media\/7703"}],"wp:attachment":[{"href":"https:\/\/bannerid.ee\/fi\/wp-json\/wp\/v2\/media?parent=7780"}],"wp:term":[{"taxonomy":"product_brand","embeddable":true,"href":"https:\/\/bannerid.ee\/fi\/wp-json\/wp\/v2\/product_brand?post=7780"},{"taxonomy":"product_cat","embeddable":true,"href":"https:\/\/bannerid.ee\/fi\/wp-json\/wp\/v2\/product_cat?post=7780"},{"taxonomy":"product_tag","embeddable":true,"href":"https:\/\/bannerid.ee\/fi\/wp-json\/wp\/v2\/product_tag?post=7780"}],"curies":[{"name":"wp","href":"https:\/\/api.w.org\/{rel}","templated":true}]}}