{"id":7874,"date":"2021-05-31T13:41:34","date_gmt":"2021-05-31T12:20:10","guid":{"rendered":"https:\/\/bannerid.ee\/?post_type=product&#038;p=7874"},"modified":"2021-05-31T14:21:23","modified_gmt":"2021-05-31T12:21:23","slug":"uv-tulostus","status":"publish","type":"product","link":"https:\/\/bannerid.ee\/fi\/tuote\/uv-tulostus\/","title":{"rendered":"UV-tulostus"},"content":{"rendered":"","protected":false},"excerpt":{"rendered":"<p>UV-tulostus on innovatiivinen LED-tekniikkaan perustuva digitaalinen painomenetelm\u00e4, joka k\u00e4ytt\u00e4\u00e4 ultraviolettis\u00e4teily\u00e4 tai UV-valoa musteen kuivaamiseen. UV-tulostimissa on tulostusp\u00e4\u00e4n vieress\u00e4 UV-lamppu, joka valaisee ja aktivoi tulostusmateriaalin ruiskutuksen j\u00e4lkeen. Painoprosessi on eritt\u00e4in nopea, mutta korkealaatuinen ja ymp\u00e4rist\u00f6yst\u00e4v\u00e4llinen, koska k\u00e4ytet\u00e4\u00e4n k\u00e4yt\u00e4nn\u00f6ss\u00e4 hajuttomia akryylimusteita.<\/p>\n","protected":false},"featured_media":7873,"template":"","meta":[],"product_brand":[],"product_cat":[76],"product_tag":[],"class_list":{"0":"post-7874","1":"product","2":"type-product","3":"status-publish","4":"has-post-thumbnail","6":"product_cat-banderollit","7":"tm-no-options","9":"first","10":"instock","11":"shipping-taxable","12":"purchasable","13":"product-type-simple"},"_links":{"self":[{"href":"https:\/\/bannerid.ee\/fi\/wp-json\/wp\/v2\/product\/7874","targetHints":{"allow":["GET"]}}],"collection":[{"href":"https:\/\/bannerid.ee\/fi\/wp-json\/wp\/v2\/product"}],"about":[{"href":"https:\/\/bannerid.ee\/fi\/wp-json\/wp\/v2\/types\/product"}],"wp:featuredmedia":[{"embeddable":true,"href":"https:\/\/bannerid.ee\/fi\/wp-json\/wp\/v2\/media\/7873"}],"wp:attachment":[{"href":"https:\/\/bannerid.ee\/fi\/wp-json\/wp\/v2\/media?parent=7874"}],"wp:term":[{"taxonomy":"product_brand","embeddable":true,"href":"https:\/\/bannerid.ee\/fi\/wp-json\/wp\/v2\/product_brand?post=7874"},{"taxonomy":"product_cat","embeddable":true,"href":"https:\/\/bannerid.ee\/fi\/wp-json\/wp\/v2\/product_cat?post=7874"},{"taxonomy":"product_tag","embeddable":true,"href":"https:\/\/bannerid.ee\/fi\/wp-json\/wp\/v2\/product_tag?post=7874"}],"curies":[{"name":"wp","href":"https:\/\/api.w.org\/{rel}","templated":true}]}}